{"id":11420,"date":"2021-12-23T12:18:42","date_gmt":"2021-12-23T10:18:42","guid":{"rendered":"https:\/\/www.steelgallery.com\/metal-store\/?post_type=product&#038;p=11420"},"modified":"2023-05-04T12:50:44","modified_gmt":"2023-05-04T10:50:44","slug":"memory-garden-1349-ltd-500-digipak-incl-4-bonus-tracks-cd","status":"publish","type":"product","link":"https:\/\/steelgallery.com\/metal-store\/product\/memory-garden-1349-ltd-500-digipak-incl-4-bonus-tracks-cd\/","title":{"rendered":"MEMORY GARDEN &#8211; 1349 (Ltd 500 \/ Digipak, Incl. 4 Bonus Tracks) CD"},"content":{"rendered":"<p><strong>Memory Garden were formed in 1992 in Sweden, recording demo and EP releases (including &#8220;Forever&#8221;, one of the finest EPs in metal history) until 1996 where their debut full-length album &#8220;Tides&#8221; shocked the Doom Metal world. A technical, crushing and powerful album that paved the way for the future, with Memory Garden joining Metal Blade Records releasing the albums &#8220;Verdict of Posterity&#8221; (1998) and &#8220;Mirage&#8221; (2000). At that point, Memory Garden were already hailed as one of the leading forces of the Power\/Doom Metal field. And while time and tide wait for no man, they kept the course releasing &#8220;Carnage Carnival&#8221; (2008) and &#8220;Doomain&#8221; (2013). Eight years later, Swedish powerdoom-metal is ready to strike again with an album that will shock the scene.<\/strong><\/p>\n<p><strong>&#8220;1349&#8221; is a conceptual album and the storyline covers both fact and fiction, taking place during the pandemic years of the black plague. The album is mixed and mastered by Dan Swan\u00f6 and the artwork is created once again by the mighty Hjules (Destruction, Grave Digger, Annihilator, Stratovarius). Guest artists such as Niklas St\u00e5lvind (Wolf), Josefin B\u00e4ck (the original voice of &#8220;Marion&#8221; from the first demo in 1993!) and G\u00f6ran &#8220;Freddy&#8221; Fredrikson (medieval instruments) contribute to this album. An album which will offer a sufficient dose of Swedish powerdoom-metal!<\/strong><\/p>\n<p><strong>Line-Up:<\/strong><\/p>\n<p><strong>Stefan Berglund: Vocals, backing vocals<\/strong><\/p>\n<p><strong>Tom Bj\u00f6rn: Drums, piano, backing vocals<\/strong><\/p>\n<p><strong>Simon Johansson: Lead guitar<\/strong><\/p>\n<p><strong>Johan W\u00e4ngdahl: Bass, backing vocals<\/strong><\/p>\n<p><strong>Andreas M\u00e4kel\u00e4: Guitars, rhythm, melodic and acoustic. Backing vocals<\/strong><\/p>\n<p><strong>Tracklist:<\/strong><\/p>\n<p><strong>1. Shallow Waters<\/strong><\/p>\n<p><strong>2. Pariah<\/strong><\/p>\n<p><strong>3. Distrust<\/strong><\/p>\n<p><strong>4. Rivers Run Black<\/strong><\/p>\n<p><strong>5. The Flagellants<\/strong><\/p>\n<p><strong>6. The Messenger<\/strong><\/p>\n<p><strong>7. The Empiric<\/strong><\/p>\n<p><strong>8. 1349<\/strong><\/p>\n<p><strong>9. Blood Moon<\/strong><\/p>\n<p><strong>Bonus Tracks:<\/strong><\/p>\n<p><strong>10. Unrestrained<\/strong><\/p>\n<p><strong>11. Heart Of The Dark (Demo 1993)<\/strong><\/p>\n<p><strong>12. Legions Of The Lost (Demo 1993<\/strong><\/p>\n<p><strong>13. Up From The Ashes (Demo 1993)<\/strong><\/p>\n<p><strong>&#8220;Unrestrained was initially meant to be on the album as well, but somewhere during the process we felt it wouldn&#8217;t fit in&#8221;, says Tom Bj\u00f6rn. &#8220;It ended up as a nice bonus instead, without any relevance to the album lyrics wise and the topic here is of a more philosophical nature&#8221;. As for the previously unreleased demo tracks, Tom adds: &#8220;The demos were recorded in studio Bunker in Kumla 1993 sometime, with the original line-up. We don&#8217;t know why none of these songs ever made it to an album, they were just forgotten about&#8221;. But they will definitely add a historical value for the fans of Memory Garden.<\/strong><\/p>\n","protected":false},"excerpt":{"rendered":"<p>Memory Garden were formed in 1992 in Sweden, recording demo and EP releases (including &#8220;Forever&#8221;, one of the finest EPs in metal history) until &#8230;<\/p>\n","protected":false},"featured_media":11422,"template":"","meta":{"jetpack_post_was_ever_published":false,"jetpack_publicize_message":"","jetpack_publicize_feature_enabled":true,"jetpack_social_post_already_shared":true,"jetpack_social_options":{"image_generator_settings":{"template":"highway","default_image_id":0,"font":"","enabled":false},"version":2}},"product_brand":[],"product_cat":[70,73],"product_tag":[],"class_list":{"0":"post-11420","1":"product","2":"type-product","3":"status-publish","4":"has-post-thumbnail","6":"product_cat-cd","7":"product_cat-collectors","9":"first","10":"outofstock","11":"shipping-taxable","12":"purchasable","13":"product-type-simple"},"jetpack_publicize_connections":[],"jetpack_sharing_enabled":true,"jetpack_likes_enabled":true,"_links":{"self":[{"href":"https:\/\/steelgallery.com\/metal-store\/wp-json\/wp\/v2\/product\/11420","targetHints":{"allow":["GET"]}}],"collection":[{"href":"https:\/\/steelgallery.com\/metal-store\/wp-json\/wp\/v2\/product"}],"about":[{"href":"https:\/\/steelgallery.com\/metal-store\/wp-json\/wp\/v2\/types\/product"}],"wp:featuredmedia":[{"embeddable":true,"href":"https:\/\/steelgallery.com\/metal-store\/wp-json\/wp\/v2\/media\/11422"}],"wp:attachment":[{"href":"https:\/\/steelgallery.com\/metal-store\/wp-json\/wp\/v2\/media?parent=11420"}],"wp:term":[{"taxonomy":"product_brand","embeddable":true,"href":"https:\/\/steelgallery.com\/metal-store\/wp-json\/wp\/v2\/product_brand?post=11420"},{"taxonomy":"product_cat","embeddable":true,"href":"https:\/\/steelgallery.com\/metal-store\/wp-json\/wp\/v2\/product_cat?post=11420"},{"taxonomy":"product_tag","embeddable":true,"href":"https:\/\/steelgallery.com\/metal-store\/wp-json\/wp\/v2\/product_tag?post=11420"}],"curies":[{"name":"wp","href":"https:\/\/api.w.org\/{rel}","templated":true}]}}