{"id":13425,"date":"2025-03-14T12:08:45","date_gmt":"2025-03-14T10:08:45","guid":{"rendered":"https:\/\/steelgallery.com\/metal-store\/?post_type=product&#038;p=13425"},"modified":"2025-03-14T12:08:45","modified_gmt":"2025-03-14T10:08:45","slug":"air-borne-in-united-kingdom-cd","status":"publish","type":"product","link":"https:\/\/steelgallery.com\/metal-store\/product\/air-borne-in-united-kingdom-cd\/","title":{"rendered":"AIR BORNE &#8211; In United Kingdom CD"},"content":{"rendered":"<p><strong>AIR BORNE from Sweden (N\u00e4ssj\u00f6, J\u00f6nk\u00f6ping) is a band quite familiar among metal collectors and fans of 80&#8217;s music. They have a fantastic raw sound that reminds of the early NWOBHM heroes like ANGEL WITCH, DEMON and HOLOCAUST and this is no wonder as they started playing music in the early 80&#8217;s.<\/strong><\/p>\n<p><strong>Janne Stark&#8217;s acquaintance with the original members led to us reaching an agreement with them in order to release an anthology featuring their super cult &#8220;In United Kingdom&#8221; 7&#8221; EP as well as their 2 demos&#8217; songs as bonus tracks.<\/strong><\/p>\n<p><strong>An amazing Swedish metal release that will apply to all fans of GOTHAM CITY, HEAVY LOAD, OVERDRIVE, AXEWITCH and fans of early NWOBHM!<\/strong><\/p>\n<p><strong>This edition is limited to 300 copies and features remastered sound and 16-page booklet with photos, lyrics and biography.<\/strong><\/p>\n<p><strong>TRACK LISTING:<\/strong><br \/>\n<strong>1. Burn In Hell<\/strong><br \/>\n<strong>2. Lord Satan<\/strong><br \/>\n<strong>3. Temple Of Metal<\/strong><br \/>\n<strong>4. Gates Of Heaven<\/strong><br \/>\n<strong>5. Rock &#8216;N Roll Romance (v2)<\/strong><br \/>\n<strong>6. To Hell For Rock &#8216;N Roll<\/strong><br \/>\n<strong>7. Rock &#8216;N Roll Romance (v1)<\/strong><br \/>\n<strong>8. Rebellion Rules &#8211; Part 2<\/strong><br \/>\n<strong>9. Stone Killer (Devil From Hell)<\/strong><br \/>\n<strong>10. Lady Death<\/strong><\/p>\n","protected":false},"excerpt":{"rendered":"<p>AIR BORNE from Sweden (N\u00e4ssj\u00f6, J\u00f6nk\u00f6ping) is a band quite familiar among metal collectors and fans of 80&#8217;s music. They have a fantastic raw &#8230;<\/p>\n","protected":false},"featured_media":13428,"template":"","meta":{"jetpack_post_was_ever_published":false,"jetpack_publicize_message":"","jetpack_publicize_feature_enabled":true,"jetpack_social_post_already_shared":true,"jetpack_social_options":{"image_generator_settings":{"template":"highway","default_image_id":0,"font":"","enabled":false},"version":2}},"product_brand":[],"product_cat":[70,73],"product_tag":[],"class_list":{"0":"post-13425","1":"product","2":"type-product","3":"status-publish","4":"has-post-thumbnail","6":"product_cat-cd","7":"product_cat-collectors","9":"first","10":"instock","11":"shipping-taxable","12":"purchasable","13":"product-type-simple"},"jetpack_publicize_connections":[],"jetpack_sharing_enabled":true,"jetpack_likes_enabled":true,"_links":{"self":[{"href":"https:\/\/steelgallery.com\/metal-store\/wp-json\/wp\/v2\/product\/13425","targetHints":{"allow":["GET"]}}],"collection":[{"href":"https:\/\/steelgallery.com\/metal-store\/wp-json\/wp\/v2\/product"}],"about":[{"href":"https:\/\/steelgallery.com\/metal-store\/wp-json\/wp\/v2\/types\/product"}],"wp:featuredmedia":[{"embeddable":true,"href":"https:\/\/steelgallery.com\/metal-store\/wp-json\/wp\/v2\/media\/13428"}],"wp:attachment":[{"href":"https:\/\/steelgallery.com\/metal-store\/wp-json\/wp\/v2\/media?parent=13425"}],"wp:term":[{"taxonomy":"product_brand","embeddable":true,"href":"https:\/\/steelgallery.com\/metal-store\/wp-json\/wp\/v2\/product_brand?post=13425"},{"taxonomy":"product_cat","embeddable":true,"href":"https:\/\/steelgallery.com\/metal-store\/wp-json\/wp\/v2\/product_cat?post=13425"},{"taxonomy":"product_tag","embeddable":true,"href":"https:\/\/steelgallery.com\/metal-store\/wp-json\/wp\/v2\/product_tag?post=13425"}],"curies":[{"name":"wp","href":"https:\/\/api.w.org\/{rel}","templated":true}]}}